{"id":140,"date":"2019-03-17T21:13:25","date_gmt":"2019-03-17T21:13:25","guid":{"rendered":"http:\/\/belisarioampuero.com\/?page_id=140"},"modified":"2019-03-17T21:13:25","modified_gmt":"2019-03-17T21:13:25","slug":"servicios","status":"publish","type":"page","link":"https:\/\/belisarioampuero.com\/index.php\/servicios\/","title":{"rendered":"Servicios"},"content":{"rendered":"\n<h2 class=\"wp-block-heading\">Contables y tributarios<\/h2>\n\n\n\n<div class=\"wp-block-columns has-2-columns is-layout-flex wp-container-core-columns-is-layout-9d6595d7 wp-block-columns-is-layout-flex\">\n<div class=\"wp-block-column is-layout-flow wp-block-column-is-layout-flow\">\n<ul class=\"wp-block-list\"><li>Confecci\u00f3n de contabilidad mensual<\/li><li>Confecci\u00f3n de balance general<\/li><li>Determinaci\u00f3n de FUT<\/li><li>Determinaci\u00f3n de renta l\u00edquida<\/li><li>Determinaci\u00f3n y c\u00e1lculo de impuesto mensual<\/li><li>C\u00e1lculo de impuesto a la herencia con y sin testamento.<\/li><li>Desbloqueo de renta en el SII<\/li><\/ul>\n<\/div>\n\n\n\n<div class=\"wp-block-column is-layout-flow wp-block-column-is-layout-flow\">\n<ul class=\"wp-block-list\"><li>Desbloqueo de declaraciones mensuales en el SII <\/li><li>Chequeo de libro de compra y venta electr\u00f3nico<\/li><li>Pago de impuestos de segunda categor\u00eda<\/li><li>Otros servicios contables y tributarios<\/li><\/ul>\n<\/div>\n<\/div>\n\n\n\n<h2 class=\"wp-block-heading\">Recursos humanos<\/h2>\n\n\n\n<ul class=\"wp-block-list\"><li>Confecci\u00f3n de liquidaciones de sueldo<\/li><li>Pago de cotizaciones previsionales<\/li><li>Contratos<\/li><li>Finiquitos<\/li><li>Libro de remuneraciones<br><\/li><li>Certificado de inspecci\u00f3n del trabajo F30 y F30-1<\/li><\/ul>\n\n\n\n<h2 class=\"wp-block-heading\">Patentes y permisos<\/h2>\n\n\n\n<ul class=\"wp-block-list\"><li>Tramitaci\u00f3n de patentes comerciales<\/li><li>Obtenci\u00f3n de certificado de autorizaci\u00f3n SESMA<\/li><li>Certificado de cambio de patente de una comuna a otra<\/li><li>Otros tr\u00e1mites municipales<\/li><\/ul>\n","protected":false},"excerpt":{"rendered":"<p>Servicios contables, tributarios, laborales y municipales: contabilidad mensual, balance general, FUT, renta l\u00edquida, impuesto mensual, desbloqueos SII, cotizaci\u00f3n previsional, liquidaci\u00f3n de sueldo, contratos, finiquitos, patente comercial y tr\u00e1mites en general.<\/p>\n","protected":false},"author":2,"featured_media":136,"parent":0,"menu_order":0,"comment_status":"closed","ping_status":"closed","template":"","meta":{"footnotes":""},"class_list":["post-140","page","type-page","status-publish","has-post-thumbnail","hentry"],"yoast_head":"<!-- This site is optimized with the Yoast SEO plugin v22.8 - https:\/\/yoast.com\/wordpress\/plugins\/seo\/ -->\n<title>Servicios - Opercion Renta 2024 Balances<\/title>\n<meta name=\"robots\" content=\"index, follow, max-snippet:-1, max-image-preview:large, max-video-preview:-1\" \/>\n<link rel=\"canonical\" href=\"https:\/\/belisarioampuero.com\/index.php\/servicios\/\" \/>\n<meta property=\"og:locale\" content=\"es_ES\" \/>\n<meta property=\"og:type\" content=\"article\" \/>\n<meta property=\"og:title\" content=\"Servicios - Opercion Renta 2024 Balances\" \/>\n<meta property=\"og:description\" content=\"Servicios contables, tributarios, laborales y municipales: contabilidad mensual, balance general, FUT, renta l\u00edquida, impuesto mensual, desbloqueos SII, cotizaci\u00f3n previsional, liquidaci\u00f3n de sueldo, contratos, finiquitos, patente comercial y tr\u00e1mites en general.\" \/>\n<meta property=\"og:url\" content=\"https:\/\/belisarioampuero.com\/index.php\/servicios\/\" \/>\n<meta property=\"og:site_name\" content=\"Opercion Renta 2024 Balances\" \/>\n<meta name=\"twitter:card\" content=\"summary_large_image\" \/>\n<meta name=\"twitter:label1\" content=\"Tiempo de lectura\" \/>\n\t<meta name=\"twitter:data1\" content=\"1 minuto\" \/>\n<script type=\"application\/ld+json\" class=\"yoast-schema-graph\">{\"@context\":\"https:\/\/schema.org\",\"@graph\":[{\"@type\":\"WebPage\",\"@id\":\"https:\/\/belisarioampuero.com\/index.php\/servicios\/\",\"url\":\"https:\/\/belisarioampuero.com\/index.php\/servicios\/\",\"name\":\"Servicios - Opercion Renta 2024 Balances\",\"isPartOf\":{\"@id\":\"https:\/\/belisarioampuero.com\/#website\"},\"primaryImageOfPage\":{\"@id\":\"https:\/\/belisarioampuero.com\/index.php\/servicios\/#primaryimage\"},\"image\":{\"@id\":\"https:\/\/belisarioampuero.com\/index.php\/servicios\/#primaryimage\"},\"thumbnailUrl\":\"https:\/\/belisarioampuero.com\/wp-content\/uploads\/2019\/03\/contador3.jpg\",\"datePublished\":\"2019-03-17T21:13:25+00:00\",\"dateModified\":\"2019-03-17T21:13:25+00:00\",\"breadcrumb\":{\"@id\":\"https:\/\/belisarioampuero.com\/index.php\/servicios\/#breadcrumb\"},\"inLanguage\":\"es\",\"potentialAction\":[{\"@type\":\"ReadAction\",\"target\":[\"https:\/\/belisarioampuero.com\/index.php\/servicios\/\"]}]},{\"@type\":\"ImageObject\",\"inLanguage\":\"es\",\"@id\":\"https:\/\/belisarioampuero.com\/index.php\/servicios\/#primaryimage\",\"url\":\"https:\/\/belisarioampuero.com\/wp-content\/uploads\/2019\/03\/contador3.jpg\",\"contentUrl\":\"https:\/\/belisarioampuero.com\/wp-content\/uploads\/2019\/03\/contador3.jpg\",\"width\":1920,\"height\":1280},{\"@type\":\"BreadcrumbList\",\"@id\":\"https:\/\/belisarioampuero.com\/index.php\/servicios\/#breadcrumb\",\"itemListElement\":[{\"@type\":\"ListItem\",\"position\":1,\"name\":\"Portada\",\"item\":\"https:\/\/belisarioampuero.com\/\"},{\"@type\":\"ListItem\",\"position\":2,\"name\":\"Servicios\"}]},{\"@type\":\"WebSite\",\"@id\":\"https:\/\/belisarioampuero.com\/#website\",\"url\":\"https:\/\/belisarioampuero.com\/\",\"name\":\"Opercion Renta 2024 Balances\",\"description\":\"\",\"potentialAction\":[{\"@type\":\"SearchAction\",\"target\":{\"@type\":\"EntryPoint\",\"urlTemplate\":\"https:\/\/belisarioampuero.com\/?s={search_term_string}\"},\"query-input\":\"required name=search_term_string\"}],\"inLanguage\":\"es\"}]}<\/script>\n<!-- \/ Yoast SEO plugin. -->","yoast_head_json":{"title":"Servicios - Opercion Renta 2024 Balances","robots":{"index":"index","follow":"follow","max-snippet":"max-snippet:-1","max-image-preview":"max-image-preview:large","max-video-preview":"max-video-preview:-1"},"canonical":"https:\/\/belisarioampuero.com\/index.php\/servicios\/","og_locale":"es_ES","og_type":"article","og_title":"Servicios - Opercion Renta 2024 Balances","og_description":"Servicios contables, tributarios, laborales y municipales: contabilidad mensual, balance general, FUT, renta l\u00edquida, impuesto mensual, desbloqueos SII, cotizaci\u00f3n previsional, liquidaci\u00f3n de sueldo, contratos, finiquitos, patente comercial y tr\u00e1mites en general.","og_url":"https:\/\/belisarioampuero.com\/index.php\/servicios\/","og_site_name":"Opercion Renta 2024 Balances","twitter_card":"summary_large_image","twitter_misc":{"Tiempo de lectura":"1 minuto"},"schema":{"@context":"https:\/\/schema.org","@graph":[{"@type":"WebPage","@id":"https:\/\/belisarioampuero.com\/index.php\/servicios\/","url":"https:\/\/belisarioampuero.com\/index.php\/servicios\/","name":"Servicios - Opercion Renta 2024 Balances","isPartOf":{"@id":"https:\/\/belisarioampuero.com\/#website"},"primaryImageOfPage":{"@id":"https:\/\/belisarioampuero.com\/index.php\/servicios\/#primaryimage"},"image":{"@id":"https:\/\/belisarioampuero.com\/index.php\/servicios\/#primaryimage"},"thumbnailUrl":"https:\/\/belisarioampuero.com\/wp-content\/uploads\/2019\/03\/contador3.jpg","datePublished":"2019-03-17T21:13:25+00:00","dateModified":"2019-03-17T21:13:25+00:00","breadcrumb":{"@id":"https:\/\/belisarioampuero.com\/index.php\/servicios\/#breadcrumb"},"inLanguage":"es","potentialAction":[{"@type":"ReadAction","target":["https:\/\/belisarioampuero.com\/index.php\/servicios\/"]}]},{"@type":"ImageObject","inLanguage":"es","@id":"https:\/\/belisarioampuero.com\/index.php\/servicios\/#primaryimage","url":"https:\/\/belisarioampuero.com\/wp-content\/uploads\/2019\/03\/contador3.jpg","contentUrl":"https:\/\/belisarioampuero.com\/wp-content\/uploads\/2019\/03\/contador3.jpg","width":1920,"height":1280},{"@type":"BreadcrumbList","@id":"https:\/\/belisarioampuero.com\/index.php\/servicios\/#breadcrumb","itemListElement":[{"@type":"ListItem","position":1,"name":"Portada","item":"https:\/\/belisarioampuero.com\/"},{"@type":"ListItem","position":2,"name":"Servicios"}]},{"@type":"WebSite","@id":"https:\/\/belisarioampuero.com\/#website","url":"https:\/\/belisarioampuero.com\/","name":"Opercion Renta 2024 Balances","description":"","potentialAction":[{"@type":"SearchAction","target":{"@type":"EntryPoint","urlTemplate":"https:\/\/belisarioampuero.com\/?s={search_term_string}"},"query-input":"required name=search_term_string"}],"inLanguage":"es"}]}},"_links":{"self":[{"href":"https:\/\/belisarioampuero.com\/index.php\/wp-json\/wp\/v2\/pages\/140","targetHints":{"allow":["GET"]}}],"collection":[{"href":"https:\/\/belisarioampuero.com\/index.php\/wp-json\/wp\/v2\/pages"}],"about":[{"href":"https:\/\/belisarioampuero.com\/index.php\/wp-json\/wp\/v2\/types\/page"}],"author":[{"embeddable":true,"href":"https:\/\/belisarioampuero.com\/index.php\/wp-json\/wp\/v2\/users\/2"}],"replies":[{"embeddable":true,"href":"https:\/\/belisarioampuero.com\/index.php\/wp-json\/wp\/v2\/comments?post=140"}],"version-history":[{"count":0,"href":"https:\/\/belisarioampuero.com\/index.php\/wp-json\/wp\/v2\/pages\/140\/revisions"}],"wp:featuredmedia":[{"embeddable":true,"href":"https:\/\/belisarioampuero.com\/index.php\/wp-json\/wp\/v2\/media\/136"}],"wp:attachment":[{"href":"https:\/\/belisarioampuero.com\/index.php\/wp-json\/wp\/v2\/media?parent=140"}],"curies":[{"name":"wp","href":"https:\/\/api.w.org\/{rel}","templated":true}]}}