{"id":147,"date":"2019-03-17T21:17:12","date_gmt":"2019-03-17T21:17:12","guid":{"rendered":"http:\/\/belisarioampuero.com\/?page_id=147"},"modified":"2019-03-17T21:17:12","modified_gmt":"2019-03-17T21:17:12","slug":"acerca-de-contador","status":"publish","type":"page","link":"https:\/\/belisarioampuero.com\/index.php\/acerca-de-contador\/","title":{"rendered":"Acerca de"},"content":{"rendered":"<p style=\"text-align:justify;\"><img loading=\"lazy\" decoding=\"async\" class=\"  wp-image-160 alignleft\" src=\"https:\/\/belisarioampuero.com\/wp-content\/uploads\/2019\/03\/cropped-contador4-1.png\" alt=\"cropped-contador4-1.png\" width=\"97\" height=\"97\" srcset=\"https:\/\/belisarioampuero.com\/wp-content\/uploads\/2019\/03\/cropped-contador4-1.png 512w, https:\/\/belisarioampuero.com\/wp-content\/uploads\/2019\/03\/cropped-contador4-1-300x300.png 300w, https:\/\/belisarioampuero.com\/wp-content\/uploads\/2019\/03\/cropped-contador4-1-150x150.png 150w\" sizes=\"auto, (max-width: 97px) 100vw, 97px\" \/>Somos una empresa familiar con m\u00e1s de 40 a\u00f1os de trayectoria que comenz\u00f3 a operar en Santiago desde el a\u00f1o 1975, con una oficina frente al SII de Santiago Sur, ahora Central Metropolitana de Timbraje. Padre, madre, hijo y nietos han formado parte de esta tradici\u00f3n de contadores, por lo que siempre se ha denominado ORGANIZACI\u00d3N CONTABLE BELISARIO AMPUERO AGUAYO E HIJO, en honor a su fundador BELISARIO SEGUNDO AMPUERO AGUAYO.<\/p>\n<p style=\"text-align:justify;\">\u00a0 \u00a0 \u00a0 \u00a0 \u00a0 \u00a0 \u00a0 \u00a0<a href=\"https:\/\/www.google.cl\/maps\/place\/Padre+Alonso+de+Ovalle+667,+Santiago,+Regi%C3%B3n+Metropolitana\/@-33.4450929,-70.6451278,17z\/data=!4m13!1m7!3m6!1s0x9662c57555fe6e05:0xbdc4281037dc3927!2sPadre+Alonso+de+Ovalle+667,+Santiago,+Regi%C3%B3n+Metropolitana!3b1!8m2!3d-33.4450082!4d-70.6451086!3m4!1s0x9662c57555fe6e05:0xbdc4281037dc3927!8m2!3d-33.4450082!4d-70.6451086\" target=\"_blank\" rel=\"noopener noreferrer\"><img loading=\"lazy\" decoding=\"async\" class=\"  wp-image-238 alignright\" src=\"https:\/\/belisarioampuero.com\/wp-content\/uploads\/2019\/03\/captura-de-pantalla-2019-03-24-a-las-3.51.26-p.m.png\" alt=\"Contador Santiago Centro, Padre Alonso de Ovalle 667\" width=\"187\" height=\"187\" srcset=\"https:\/\/belisarioampuero.com\/wp-content\/uploads\/2019\/03\/captura-de-pantalla-2019-03-24-a-las-3.51.26-p.m.png 399w, https:\/\/belisarioampuero.com\/wp-content\/uploads\/2019\/03\/captura-de-pantalla-2019-03-24-a-las-3.51.26-p.m-300x300.png 300w, https:\/\/belisarioampuero.com\/wp-content\/uploads\/2019\/03\/captura-de-pantalla-2019-03-24-a-las-3.51.26-p.m-150x150.png 150w\" sizes=\"auto, (max-width: 187px) 100vw, 187px\" \/><\/a>Actualmente ubicada en <a href=\"https:\/\/www.google.cl\/maps\/place\/Padre+Alonso+de+Ovalle+667,+Santiago,+Regi%C3%B3n+Metropolitana\/@-33.4450082,-70.6472973,17z\/data=!3m1!4b1!4m5!3m4!1s0x9662c57555fe6e05:0xbdc4281037dc3927!8m2!3d-33.4450082!4d-70.6451086\" target=\"_blank\" rel=\"noopener noreferrer\">Padre Alonso de Ovalle<\/a>, nuestra empresa se ha caracterizado por una atenci\u00f3n personalizada donde los problemas -contables, tributarios, laborales y de leyes sociales, as\u00ed como tambi\u00e9n municipales- de nuestros clientes los hacemos propios, buscando la forma m\u00e1s eficaz de llegar al cumplimiento de las leyes que actualmente los respectivos entes fiscalizadores buscan que se cumplan.<\/p>\n<p style=\"text-align:justify;\">\u00a0 \u00a0 \u00a0 \u00a0 \u00a0 \u00a0 \u00a0 \u00a0 \u00a0 \u00a0Comprometidos con prestar el mejor servicio, siempre estamos ayudando a los contribuyentes a cumplir con la legislaci\u00f3n vigente y a adaptarse a los m\u00faltiples cambios a los que se ve sometida, de modo que esto no signifique estar en desventaja frente a grandes empresas que cuentan con extensos equipos de profesionales que los asesoran. Es por ello que nuestra misi\u00f3n es hacer llevadera la actividad en este mundo lleno de exigencias a cumplir, y as\u00ed evitar al m\u00e1ximo tropiezos o errores en los quehaceres comerciales, laborales, tributarios y municipales, as\u00ed como en todo tipo de actividades a realizar por empresas, sean personas naturales o jur\u00eddicas, desde su inicio hasta su t\u00e9rmino.<\/p>\n","protected":false},"excerpt":{"rendered":"<p>Contador con m\u00e1s de 40 a\u00f1os de experiencia.<\/p>\n","protected":false},"author":2,"featured_media":164,"parent":0,"menu_order":0,"comment_status":"closed","ping_status":"closed","template":"","meta":{"footnotes":""},"class_list":["post-147","page","type-page","status-publish","has-post-thumbnail","hentry"],"yoast_head":"<!-- This site is optimized with the Yoast SEO plugin v22.8 - https:\/\/yoast.com\/wordpress\/plugins\/seo\/ -->\n<title>Acerca de - Opercion Renta 2024 Balances<\/title>\n<meta name=\"robots\" content=\"index, follow, max-snippet:-1, max-image-preview:large, max-video-preview:-1\" \/>\n<link rel=\"canonical\" href=\"https:\/\/belisarioampuero.com\/index.php\/acerca-de-contador\/\" \/>\n<meta property=\"og:locale\" content=\"es_ES\" \/>\n<meta property=\"og:type\" content=\"article\" \/>\n<meta property=\"og:title\" content=\"Acerca de - Opercion Renta 2024 Balances\" \/>\n<meta property=\"og:description\" content=\"Contador con m\u00e1s de 40 a\u00f1os de experiencia.\" \/>\n<meta property=\"og:url\" content=\"https:\/\/belisarioampuero.com\/index.php\/acerca-de-contador\/\" \/>\n<meta property=\"og:site_name\" content=\"Opercion Renta 2024 Balances\" \/>\n<meta property=\"og:image\" content=\"https:\/\/belisarioampuero.wordpress.com\/wp-content\/uploads\/2019\/03\/cropped-contador4-1.png\" \/>\n<meta name=\"twitter:card\" content=\"summary_large_image\" \/>\n<meta name=\"twitter:label1\" content=\"Tiempo de lectura\" \/>\n\t<meta name=\"twitter:data1\" content=\"1 minuto\" \/>\n<script type=\"application\/ld+json\" class=\"yoast-schema-graph\">{\"@context\":\"https:\/\/schema.org\",\"@graph\":[{\"@type\":\"WebPage\",\"@id\":\"https:\/\/belisarioampuero.com\/index.php\/acerca-de-contador\/\",\"url\":\"https:\/\/belisarioampuero.com\/index.php\/acerca-de-contador\/\",\"name\":\"Acerca de - Opercion Renta 2024 Balances\",\"isPartOf\":{\"@id\":\"https:\/\/belisarioampuero.com\/#website\"},\"primaryImageOfPage\":{\"@id\":\"https:\/\/belisarioampuero.com\/index.php\/acerca-de-contador\/#primaryimage\"},\"image\":{\"@id\":\"https:\/\/belisarioampuero.com\/index.php\/acerca-de-contador\/#primaryimage\"},\"thumbnailUrl\":\"https:\/\/belisarioampuero.com\/wp-content\/uploads\/2019\/03\/contador5.jpg\",\"datePublished\":\"2019-03-17T21:17:12+00:00\",\"dateModified\":\"2019-03-17T21:17:12+00:00\",\"breadcrumb\":{\"@id\":\"https:\/\/belisarioampuero.com\/index.php\/acerca-de-contador\/#breadcrumb\"},\"inLanguage\":\"es\",\"potentialAction\":[{\"@type\":\"ReadAction\",\"target\":[\"https:\/\/belisarioampuero.com\/index.php\/acerca-de-contador\/\"]}]},{\"@type\":\"ImageObject\",\"inLanguage\":\"es\",\"@id\":\"https:\/\/belisarioampuero.com\/index.php\/acerca-de-contador\/#primaryimage\",\"url\":\"https:\/\/belisarioampuero.com\/wp-content\/uploads\/2019\/03\/contador5.jpg\",\"contentUrl\":\"https:\/\/belisarioampuero.com\/wp-content\/uploads\/2019\/03\/contador5.jpg\",\"width\":1920,\"height\":1386},{\"@type\":\"BreadcrumbList\",\"@id\":\"https:\/\/belisarioampuero.com\/index.php\/acerca-de-contador\/#breadcrumb\",\"itemListElement\":[{\"@type\":\"ListItem\",\"position\":1,\"name\":\"Portada\",\"item\":\"https:\/\/belisarioampuero.com\/\"},{\"@type\":\"ListItem\",\"position\":2,\"name\":\"Acerca de\"}]},{\"@type\":\"WebSite\",\"@id\":\"https:\/\/belisarioampuero.com\/#website\",\"url\":\"https:\/\/belisarioampuero.com\/\",\"name\":\"Opercion Renta 2024 Balances\",\"description\":\"\",\"potentialAction\":[{\"@type\":\"SearchAction\",\"target\":{\"@type\":\"EntryPoint\",\"urlTemplate\":\"https:\/\/belisarioampuero.com\/?s={search_term_string}\"},\"query-input\":\"required name=search_term_string\"}],\"inLanguage\":\"es\"}]}<\/script>\n<!-- \/ Yoast SEO plugin. -->","yoast_head_json":{"title":"Acerca de - Opercion Renta 2024 Balances","robots":{"index":"index","follow":"follow","max-snippet":"max-snippet:-1","max-image-preview":"max-image-preview:large","max-video-preview":"max-video-preview:-1"},"canonical":"https:\/\/belisarioampuero.com\/index.php\/acerca-de-contador\/","og_locale":"es_ES","og_type":"article","og_title":"Acerca de - Opercion Renta 2024 Balances","og_description":"Contador con m\u00e1s de 40 a\u00f1os de experiencia.","og_url":"https:\/\/belisarioampuero.com\/index.php\/acerca-de-contador\/","og_site_name":"Opercion Renta 2024 Balances","og_image":[{"url":"https:\/\/belisarioampuero.wordpress.com\/wp-content\/uploads\/2019\/03\/cropped-contador4-1.png"}],"twitter_card":"summary_large_image","twitter_misc":{"Tiempo de lectura":"1 minuto"},"schema":{"@context":"https:\/\/schema.org","@graph":[{"@type":"WebPage","@id":"https:\/\/belisarioampuero.com\/index.php\/acerca-de-contador\/","url":"https:\/\/belisarioampuero.com\/index.php\/acerca-de-contador\/","name":"Acerca de - Opercion Renta 2024 Balances","isPartOf":{"@id":"https:\/\/belisarioampuero.com\/#website"},"primaryImageOfPage":{"@id":"https:\/\/belisarioampuero.com\/index.php\/acerca-de-contador\/#primaryimage"},"image":{"@id":"https:\/\/belisarioampuero.com\/index.php\/acerca-de-contador\/#primaryimage"},"thumbnailUrl":"https:\/\/belisarioampuero.com\/wp-content\/uploads\/2019\/03\/contador5.jpg","datePublished":"2019-03-17T21:17:12+00:00","dateModified":"2019-03-17T21:17:12+00:00","breadcrumb":{"@id":"https:\/\/belisarioampuero.com\/index.php\/acerca-de-contador\/#breadcrumb"},"inLanguage":"es","potentialAction":[{"@type":"ReadAction","target":["https:\/\/belisarioampuero.com\/index.php\/acerca-de-contador\/"]}]},{"@type":"ImageObject","inLanguage":"es","@id":"https:\/\/belisarioampuero.com\/index.php\/acerca-de-contador\/#primaryimage","url":"https:\/\/belisarioampuero.com\/wp-content\/uploads\/2019\/03\/contador5.jpg","contentUrl":"https:\/\/belisarioampuero.com\/wp-content\/uploads\/2019\/03\/contador5.jpg","width":1920,"height":1386},{"@type":"BreadcrumbList","@id":"https:\/\/belisarioampuero.com\/index.php\/acerca-de-contador\/#breadcrumb","itemListElement":[{"@type":"ListItem","position":1,"name":"Portada","item":"https:\/\/belisarioampuero.com\/"},{"@type":"ListItem","position":2,"name":"Acerca de"}]},{"@type":"WebSite","@id":"https:\/\/belisarioampuero.com\/#website","url":"https:\/\/belisarioampuero.com\/","name":"Opercion Renta 2024 Balances","description":"","potentialAction":[{"@type":"SearchAction","target":{"@type":"EntryPoint","urlTemplate":"https:\/\/belisarioampuero.com\/?s={search_term_string}"},"query-input":"required name=search_term_string"}],"inLanguage":"es"}]}},"_links":{"self":[{"href":"https:\/\/belisarioampuero.com\/index.php\/wp-json\/wp\/v2\/pages\/147","targetHints":{"allow":["GET"]}}],"collection":[{"href":"https:\/\/belisarioampuero.com\/index.php\/wp-json\/wp\/v2\/pages"}],"about":[{"href":"https:\/\/belisarioampuero.com\/index.php\/wp-json\/wp\/v2\/types\/page"}],"author":[{"embeddable":true,"href":"https:\/\/belisarioampuero.com\/index.php\/wp-json\/wp\/v2\/users\/2"}],"replies":[{"embeddable":true,"href":"https:\/\/belisarioampuero.com\/index.php\/wp-json\/wp\/v2\/comments?post=147"}],"version-history":[{"count":0,"href":"https:\/\/belisarioampuero.com\/index.php\/wp-json\/wp\/v2\/pages\/147\/revisions"}],"wp:featuredmedia":[{"embeddable":true,"href":"https:\/\/belisarioampuero.com\/index.php\/wp-json\/wp\/v2\/media\/164"}],"wp:attachment":[{"href":"https:\/\/belisarioampuero.com\/index.php\/wp-json\/wp\/v2\/media?parent=147"}],"curies":[{"name":"wp","href":"https:\/\/api.w.org\/{rel}","templated":true}]}}