{"id":225,"date":"2019-03-24T16:43:24","date_gmt":"2019-03-24T16:43:24","guid":{"rendered":"http:\/\/belisarioampuero.com\/?page_id=225"},"modified":"2019-03-24T16:43:24","modified_gmt":"2019-03-24T16:43:24","slug":"contacto","status":"publish","type":"page","link":"https:\/\/belisarioampuero.com\/index.php\/contacto\/","title":{"rendered":"Contacto"},"content":{"rendered":"<div class=\"wp-block-columns has-2-columns is-layout-flex wp-container-core-columns-is-layout-9d6595d7 wp-block-columns-is-layout-flex\"><div class=\"wp-block-column is-layout-flow wp-block-column-is-layout-flow\"><figure class=\"wp-block-image\"><img loading=\"lazy\" decoding=\"async\" width=\"1920\" height=\"1275\" class=\"wp-image-127\" src=\"https:\/\/belisarioampuero.com\/wp-content\/uploads\/2019\/03\/contador2-1.jpg?w=700\" alt=\"\" srcset=\"https:\/\/belisarioampuero.com\/wp-content\/uploads\/2019\/03\/contador2-1.jpg 1920w, https:\/\/belisarioampuero.com\/wp-content\/uploads\/2019\/03\/contador2-1-300x199.jpg 300w, https:\/\/belisarioampuero.com\/wp-content\/uploads\/2019\/03\/contador2-1-1024x680.jpg 1024w, https:\/\/belisarioampuero.com\/wp-content\/uploads\/2019\/03\/contador2-1-768x510.jpg 768w, https:\/\/belisarioampuero.com\/wp-content\/uploads\/2019\/03\/contador2-1-1536x1020.jpg 1536w\" sizes=\"auto, (max-width: 1920px) 100vw, 1920px\" \/><\/figure>\n\n<p class=\"has-text-color has-background\" style=\"background-color:#0e1752;color:#ffffff;text-align:right;\">\u00bfTiene alguna consulta? Llene el formulario y le responderemos a la brevedad.<\/p>\n\n<p class=\"has-text-color has-background\" style=\"background-color:#2d4e07;color:#ffffff;\">\u279f<a class=\"whatsapp-movil\" href=\"https:\/\/wa.me\/56968307976?text=Hola,%20tengo%20una%20consulta\">Tambi\u00e9n puede contactarnos v\u00eda <strong>WhatsApp haciendo click aqu\u00ed<\/strong> o escribiendo al +56968307976.<\/a> <a class=\"whatsapp-web\" href=\"https:\/\/web.whatsapp.com\/send\/?phone=56968307976\n&amp;text=Hola, tengo una consulta:\" target=\"_blank\" rel=\"noopener noreferrer\">Tambi\u00e9n puede contactarnos v\u00eda <strong>WhatsApp haciendo click aqu\u00ed<\/strong> o escribiendo al +56968307976.<\/a><\/p>\n\n<div class=\"wp-block-image\"><figure class=\"aligncenter\"><br \/><a class=\"whatsapp-movil\" href=\"https:\/\/wa.me\/56968307976?text=Hola,%20tengo%20una%20consulta\"><img loading=\"lazy\" decoding=\"async\" class=\"  wp-image-245 aligncenter\" src=\"https:\/\/belisarioampuero.com\/wp-content\/uploads\/2019\/03\/580b57fcd9996e24bc43c543.png\" alt=\"580b57fcd9996e24bc43c543\" width=\"50\" height=\"50\" srcset=\"https:\/\/belisarioampuero.com\/wp-content\/uploads\/2019\/03\/580b57fcd9996e24bc43c543.png 1000w, https:\/\/belisarioampuero.com\/wp-content\/uploads\/2019\/03\/580b57fcd9996e24bc43c543-300x300.png 300w, https:\/\/belisarioampuero.com\/wp-content\/uploads\/2019\/03\/580b57fcd9996e24bc43c543-150x150.png 150w, https:\/\/belisarioampuero.com\/wp-content\/uploads\/2019\/03\/580b57fcd9996e24bc43c543-768x768.png 768w\" sizes=\"auto, (max-width: 50px) 100vw, 50px\" \/><\/a><\/figure><p><a class=\"whatsapp-web\" href=\"https:\/\/web.whatsapp.com\/send\/?phone=56968307976%20&amp;text=Hola, tengo una consulta:\" target=\"_blank\" rel=\"noopener noreferrer\"><img loading=\"lazy\" decoding=\"async\" class=\"  wp-image-245 aligncenter\" src=\"https:\/\/belisarioampuero.com\/wp-content\/uploads\/2019\/03\/580b57fcd9996e24bc43c543.png\" alt=\"580b57fcd9996e24bc43c543\" width=\"50\" height=\"50\" srcset=\"https:\/\/belisarioampuero.com\/wp-content\/uploads\/2019\/03\/580b57fcd9996e24bc43c543.png 1000w, https:\/\/belisarioampuero.com\/wp-content\/uploads\/2019\/03\/580b57fcd9996e24bc43c543-300x300.png 300w, https:\/\/belisarioampuero.com\/wp-content\/uploads\/2019\/03\/580b57fcd9996e24bc43c543-150x150.png 150w, https:\/\/belisarioampuero.com\/wp-content\/uploads\/2019\/03\/580b57fcd9996e24bc43c543-768x768.png 768w\" sizes=\"auto, (max-width: 50px) 100vw, 50px\" \/><\/a><\/p><\/div><\/div>\n\n<div class=\"wp-block-column is-layout-flow wp-block-column-is-layout-flow\">\n\n\n\n\n\n\n\n<\/div><\/div>","protected":false},"excerpt":{"rendered":"<p>\u00bfTiene alguna consulta? Llene el formulario y le responderemos a la brevedad. \u279fTambi\u00e9n puede contactarnos v\u00eda WhatsApp haciendo click aqu\u00ed o escribiendo al +56968307976. Tambi\u00e9n puede contactarnos v\u00eda WhatsApp haciendo click aqu\u00ed o escribiendo al +56968307976.<\/p>\n","protected":false},"author":2,"featured_media":226,"parent":0,"menu_order":0,"comment_status":"closed","ping_status":"closed","template":"","meta":{"footnotes":""},"class_list":["post-225","page","type-page","status-publish","has-post-thumbnail","hentry"],"yoast_head":"<!-- This site is optimized with the Yoast SEO plugin v22.8 - https:\/\/yoast.com\/wordpress\/plugins\/seo\/ -->\n<title>Contacto - Opercion Renta 2024 Balances<\/title>\n<meta name=\"robots\" content=\"index, follow, max-snippet:-1, max-image-preview:large, max-video-preview:-1\" \/>\n<link rel=\"canonical\" href=\"https:\/\/belisarioampuero.com\/index.php\/contacto\/\" \/>\n<meta property=\"og:locale\" content=\"es_ES\" \/>\n<meta property=\"og:type\" content=\"article\" \/>\n<meta property=\"og:title\" content=\"Contacto - Opercion Renta 2024 Balances\" \/>\n<meta property=\"og:description\" content=\"\u00bfTiene alguna consulta? Llene el formulario y le responderemos a la brevedad. \u279fTambi\u00e9n puede contactarnos v\u00eda WhatsApp haciendo click aqu\u00ed o escribiendo al +56968307976. Tambi\u00e9n puede contactarnos v\u00eda WhatsApp haciendo click aqu\u00ed o escribiendo al +56968307976.\" \/>\n<meta property=\"og:url\" content=\"https:\/\/belisarioampuero.com\/index.php\/contacto\/\" \/>\n<meta property=\"og:site_name\" content=\"Opercion Renta 2024 Balances\" \/>\n<meta property=\"og:image\" content=\"https:\/\/belisarioampuero.wordpress.com\/wp-content\/uploads\/2019\/03\/contador2-1.jpg?w=700\" \/>\n<meta name=\"twitter:card\" content=\"summary_large_image\" \/>\n<script type=\"application\/ld+json\" class=\"yoast-schema-graph\">{\"@context\":\"https:\/\/schema.org\",\"@graph\":[{\"@type\":\"WebPage\",\"@id\":\"https:\/\/belisarioampuero.com\/index.php\/contacto\/\",\"url\":\"https:\/\/belisarioampuero.com\/index.php\/contacto\/\",\"name\":\"Contacto - Opercion Renta 2024 Balances\",\"isPartOf\":{\"@id\":\"https:\/\/belisarioampuero.com\/#website\"},\"primaryImageOfPage\":{\"@id\":\"https:\/\/belisarioampuero.com\/index.php\/contacto\/#primaryimage\"},\"image\":{\"@id\":\"https:\/\/belisarioampuero.com\/index.php\/contacto\/#primaryimage\"},\"thumbnailUrl\":\"https:\/\/belisarioampuero.com\/wp-content\/uploads\/2019\/03\/contacto2.jpg\",\"datePublished\":\"2019-03-24T16:43:24+00:00\",\"dateModified\":\"2019-03-24T16:43:24+00:00\",\"breadcrumb\":{\"@id\":\"https:\/\/belisarioampuero.com\/index.php\/contacto\/#breadcrumb\"},\"inLanguage\":\"es\",\"potentialAction\":[{\"@type\":\"ReadAction\",\"target\":[\"https:\/\/belisarioampuero.com\/index.php\/contacto\/\"]}]},{\"@type\":\"ImageObject\",\"inLanguage\":\"es\",\"@id\":\"https:\/\/belisarioampuero.com\/index.php\/contacto\/#primaryimage\",\"url\":\"https:\/\/belisarioampuero.com\/wp-content\/uploads\/2019\/03\/contacto2.jpg\",\"contentUrl\":\"https:\/\/belisarioampuero.com\/wp-content\/uploads\/2019\/03\/contacto2.jpg\",\"width\":1920,\"height\":1277},{\"@type\":\"BreadcrumbList\",\"@id\":\"https:\/\/belisarioampuero.com\/index.php\/contacto\/#breadcrumb\",\"itemListElement\":[{\"@type\":\"ListItem\",\"position\":1,\"name\":\"Portada\",\"item\":\"https:\/\/belisarioampuero.com\/\"},{\"@type\":\"ListItem\",\"position\":2,\"name\":\"Contacto\"}]},{\"@type\":\"WebSite\",\"@id\":\"https:\/\/belisarioampuero.com\/#website\",\"url\":\"https:\/\/belisarioampuero.com\/\",\"name\":\"Opercion Renta 2024 Balances\",\"description\":\"\",\"potentialAction\":[{\"@type\":\"SearchAction\",\"target\":{\"@type\":\"EntryPoint\",\"urlTemplate\":\"https:\/\/belisarioampuero.com\/?s={search_term_string}\"},\"query-input\":\"required name=search_term_string\"}],\"inLanguage\":\"es\"}]}<\/script>\n<!-- \/ Yoast SEO plugin. -->","yoast_head_json":{"title":"Contacto - Opercion Renta 2024 Balances","robots":{"index":"index","follow":"follow","max-snippet":"max-snippet:-1","max-image-preview":"max-image-preview:large","max-video-preview":"max-video-preview:-1"},"canonical":"https:\/\/belisarioampuero.com\/index.php\/contacto\/","og_locale":"es_ES","og_type":"article","og_title":"Contacto - Opercion Renta 2024 Balances","og_description":"\u00bfTiene alguna consulta? Llene el formulario y le responderemos a la brevedad. \u279fTambi\u00e9n puede contactarnos v\u00eda WhatsApp haciendo click aqu\u00ed o escribiendo al +56968307976. Tambi\u00e9n puede contactarnos v\u00eda WhatsApp haciendo click aqu\u00ed o escribiendo al +56968307976.","og_url":"https:\/\/belisarioampuero.com\/index.php\/contacto\/","og_site_name":"Opercion Renta 2024 Balances","og_image":[{"url":"https:\/\/belisarioampuero.wordpress.com\/wp-content\/uploads\/2019\/03\/contador2-1.jpg?w=700"}],"twitter_card":"summary_large_image","schema":{"@context":"https:\/\/schema.org","@graph":[{"@type":"WebPage","@id":"https:\/\/belisarioampuero.com\/index.php\/contacto\/","url":"https:\/\/belisarioampuero.com\/index.php\/contacto\/","name":"Contacto - Opercion Renta 2024 Balances","isPartOf":{"@id":"https:\/\/belisarioampuero.com\/#website"},"primaryImageOfPage":{"@id":"https:\/\/belisarioampuero.com\/index.php\/contacto\/#primaryimage"},"image":{"@id":"https:\/\/belisarioampuero.com\/index.php\/contacto\/#primaryimage"},"thumbnailUrl":"https:\/\/belisarioampuero.com\/wp-content\/uploads\/2019\/03\/contacto2.jpg","datePublished":"2019-03-24T16:43:24+00:00","dateModified":"2019-03-24T16:43:24+00:00","breadcrumb":{"@id":"https:\/\/belisarioampuero.com\/index.php\/contacto\/#breadcrumb"},"inLanguage":"es","potentialAction":[{"@type":"ReadAction","target":["https:\/\/belisarioampuero.com\/index.php\/contacto\/"]}]},{"@type":"ImageObject","inLanguage":"es","@id":"https:\/\/belisarioampuero.com\/index.php\/contacto\/#primaryimage","url":"https:\/\/belisarioampuero.com\/wp-content\/uploads\/2019\/03\/contacto2.jpg","contentUrl":"https:\/\/belisarioampuero.com\/wp-content\/uploads\/2019\/03\/contacto2.jpg","width":1920,"height":1277},{"@type":"BreadcrumbList","@id":"https:\/\/belisarioampuero.com\/index.php\/contacto\/#breadcrumb","itemListElement":[{"@type":"ListItem","position":1,"name":"Portada","item":"https:\/\/belisarioampuero.com\/"},{"@type":"ListItem","position":2,"name":"Contacto"}]},{"@type":"WebSite","@id":"https:\/\/belisarioampuero.com\/#website","url":"https:\/\/belisarioampuero.com\/","name":"Opercion Renta 2024 Balances","description":"","potentialAction":[{"@type":"SearchAction","target":{"@type":"EntryPoint","urlTemplate":"https:\/\/belisarioampuero.com\/?s={search_term_string}"},"query-input":"required name=search_term_string"}],"inLanguage":"es"}]}},"_links":{"self":[{"href":"https:\/\/belisarioampuero.com\/index.php\/wp-json\/wp\/v2\/pages\/225","targetHints":{"allow":["GET"]}}],"collection":[{"href":"https:\/\/belisarioampuero.com\/index.php\/wp-json\/wp\/v2\/pages"}],"about":[{"href":"https:\/\/belisarioampuero.com\/index.php\/wp-json\/wp\/v2\/types\/page"}],"author":[{"embeddable":true,"href":"https:\/\/belisarioampuero.com\/index.php\/wp-json\/wp\/v2\/users\/2"}],"replies":[{"embeddable":true,"href":"https:\/\/belisarioampuero.com\/index.php\/wp-json\/wp\/v2\/comments?post=225"}],"version-history":[{"count":0,"href":"https:\/\/belisarioampuero.com\/index.php\/wp-json\/wp\/v2\/pages\/225\/revisions"}],"wp:featuredmedia":[{"embeddable":true,"href":"https:\/\/belisarioampuero.com\/index.php\/wp-json\/wp\/v2\/media\/226"}],"wp:attachment":[{"href":"https:\/\/belisarioampuero.com\/index.php\/wp-json\/wp\/v2\/media?parent=225"}],"curies":[{"name":"wp","href":"https:\/\/api.w.org\/{rel}","templated":true}]}}